{"id":849,"date":"2024-01-19T16:11:25","date_gmt":"2024-01-19T15:11:25","guid":{"rendered":"https:\/\/crystalvista.trisdemo.ch\/grillhaus\/"},"modified":"2024-04-30T14:46:29","modified_gmt":"2024-04-30T12:46:29","slug":"grillhaus","status":"publish","type":"page","link":"https:\/\/www.crystalvista.ch\/de\/grillhaus\/","title":{"rendered":"Grillhaus"},"content":{"rendered":"\n<style type=\"text\/css\" data-created_by=\"avia_inline_auto\" id=\"style-css-av-3c48r-83c65f42d926a11aa35a58f284805827\">\n.avia-section.av-3c48r-83c65f42d926a11aa35a58f284805827{\nbackground-color:#73a6b7;\nbackground-image:unset;\nmargin-top:0;\nmargin-bottom:0;\n}\n<\/style>\n<div id='av_section_1'  class='avia-section av-3c48r-83c65f42d926a11aa35a58f284805827 main_color avia-section-no-padding avia-no-border-styling  avia-builder-el-0  el_before_av_section  avia-builder-el-first  avia-bg-style-scroll container_wrap fullsize'  ><div class='container av-section-cont-open' ><main  role=\"main\" itemprop=\"mainContentOfPage\"  class='template-page content  av-content-full alpha units'><div class='post-entry post-entry-type-page post-entry-849'><div class='entry-content-wrapper clearfix'>\n\n<style type=\"text\/css\" data-created_by=\"avia_inline_auto\" id=\"style-css-av-synnv-d162903f656fdfa149716bc5bb56402c\">\n#top .flex_column.av-synnv-d162903f656fdfa149716bc5bb56402c{\nmargin-top:0px;\nmargin-bottom:0px;\n}\n.flex_column.av-synnv-d162903f656fdfa149716bc5bb56402c{\npadding:0 0 0 70px;\n}\n.responsive #top #wrap_all .flex_column.av-synnv-d162903f656fdfa149716bc5bb56402c{\nmargin-top:0px;\nmargin-bottom:0px;\n}\n\n@media only screen and (min-width: 480px) and (max-width: 767px){ \n.flex_column.av-synnv-d162903f656fdfa149716bc5bb56402c{\npadding:0 0 0 0;\n}\n}\n\n@media only screen and (max-width: 479px){ \n.flex_column.av-synnv-d162903f656fdfa149716bc5bb56402c{\npadding:0 0 0 0;\n}\n}\n<\/style>\n<div  class='flex_column av-synnv-d162903f656fdfa149716bc5bb56402c av_one_full  avia-builder-el-1  avia-builder-el-no-sibling  first flex_column_div  '     ><style type=\"text\/css\" data-created_by=\"avia_inline_auto\" id=\"style-css-av-lrksssyt-a1db35fe2d2de97afcb5797f75213c8b\">\n#top .av-special-heading.av-lrksssyt-a1db35fe2d2de97afcb5797f75213c8b{\nmargin:20px 20px 0 20px;\npadding-bottom:0;\ncolor:#ffffff;\n}\nbody .av-special-heading.av-lrksssyt-a1db35fe2d2de97afcb5797f75213c8b .av-special-heading-tag .heading-char{\nfont-size:25px;\n}\n.av-special-heading.av-lrksssyt-a1db35fe2d2de97afcb5797f75213c8b .special-heading-inner-border{\nborder-color:#ffffff;\n}\n.av-special-heading.av-lrksssyt-a1db35fe2d2de97afcb5797f75213c8b .av-subheading{\nfont-size:15px;\n}\n\n@media only screen and (max-width: 479px){ \n#top #wrap_all .av-special-heading.av-lrksssyt-a1db35fe2d2de97afcb5797f75213c8b .av-special-heading-tag{\nfont-size:28px;\n}\n}\n\n@media only screen and (min-width: 990px){ \n#top .av-special-heading.av-lrksssyt-a1db35fe2d2de97afcb5797f75213c8b{\nmargin:80px 80px 20px 80px;\n}\n}\n\n@media only screen and (min-width: 768px) and (max-width: 989px){ \n#top .av-special-heading.av-lrksssyt-a1db35fe2d2de97afcb5797f75213c8b{\nmargin:80px 80px 20px 80px;\n}\n}\n<\/style>\n<div  class='av-special-heading av-lrksssyt-a1db35fe2d2de97afcb5797f75213c8b av-special-heading-h1 custom-color-heading  avia-builder-el-2  avia-builder-el-no-sibling '><h1 class='av-special-heading-tag'  itemprop=\"headline\"  >Haus Grill Kota<\/h1><div class=\"special-heading-border\"><div class=\"special-heading-inner-border\"><\/div><\/div><\/div><\/div>\n\n<\/div><\/div><\/main><!-- close content main element --><\/div><\/div><div id='av_section_2'  class='avia-section av-j52hv-1adda386ab095ecc2aeda4fed28db7f9 main_color avia-section-default avia-no-border-styling  avia-builder-el-3  el_after_av_section  el_before_av_section  avia-bg-style-scroll container_wrap fullsize'  ><div class='container av-section-cont-open' ><div class='template-page content  av-content-full alpha units'><div class='post-entry post-entry-type-page post-entry-849'><div class='entry-content-wrapper clearfix'>\n<div  class='flex_column av-kc7qj-19bdf10630c696225b0209d19e87908a av_three_fifth  avia-builder-el-4  el_before_av_two_fifth  avia-builder-el-first  first flex_column_div  '     ><section  class='av_textblock_section av-hdqej-5c383769dd36473e59df4a2b85622ee8 '   itemscope=\"itemscope\" itemtype=\"https:\/\/schema.org\/CreativeWork\" ><div class='avia_textblock'  itemprop=\"text\" ><p style=\"text-align: justify;\">Unser Haus Grill Kota f\u00fcr den Winter und unsere Grillecke im Garten am Bach f\u00fcr den Sommer laden Sie zum freien Grillen ein.<\/p>\n<\/div><\/section><br \/>\n\n<style type=\"text\/css\" data-created_by=\"avia_inline_auto\" id=\"style-css-av-lrku08n8-9fa23d1de00299caf6e4fba303b6a3f3\">\n.iconbox.av-lrku08n8-9fa23d1de00299caf6e4fba303b6a3f3 .iconbox_icon{\ncolor:#bce4ff;\n}\n<\/style>\n<article  class='iconbox iconbox_left_content av-lrku08n8-9fa23d1de00299caf6e4fba303b6a3f3 av-icon-style-no-border  avia-builder-el-6  el_after_av_textblock  el_before_av_icon_box '  itemscope=\"itemscope\" itemtype=\"https:\/\/schema.org\/CreativeWork\" ><div class=\"iconbox_icon heading-color\" aria-hidden='true' data-av_icon='\ue81b' data-av_iconfont='meteo'><\/div><div class=\"iconbox_content\"><header class=\"entry-content-header\"><h3 class='iconbox_content_title '  itemprop=\"headline\" >Im Winter<\/h3><\/header><div class='iconbox_content_container '  itemprop=\"text\" ><p style=\"text-align: justify;\">Genie\u00dfen Sie in unserem Grillhaus Kota ein romantisches Kaminfeuer. Eine sanfte und gem\u00fctliche Atmosph\u00e4re, wenn drau\u00dfen winterliche Temperaturen herrschen.<\/p>\n<\/div><\/div><footer class=\"entry-footer\"><\/footer><\/article><br \/>\n\n<style type=\"text\/css\" data-created_by=\"avia_inline_auto\" id=\"style-css-av-lrku0t84-63809757aa06c4d98649c64fb2109e66\">\n.iconbox.av-lrku0t84-63809757aa06c4d98649c64fb2109e66 .iconbox_icon{\ncolor:#ffee00;\n}\n<\/style>\n<article  class='iconbox iconbox_left_content av-lrku0t84-63809757aa06c4d98649c64fb2109e66 av-icon-style-no-border  avia-builder-el-7  el_after_av_icon_box  el_before_av_gallery '  itemscope=\"itemscope\" itemtype=\"https:\/\/schema.org\/CreativeWork\" ><div class=\"iconbox_icon heading-color\" aria-hidden='true' data-av_icon='\ue80c' data-av_iconfont='meteo'><\/div><div class=\"iconbox_content\"><header class=\"entry-content-header\"><h3 class='iconbox_content_title '  itemprop=\"headline\" >Im Sommer<\/h3><\/header><div class='iconbox_content_container '  itemprop=\"text\" ><p style=\"text-align: justify;\">An sch\u00f6nen Sommertagen k\u00f6nnen Sie den Grillplatz im Garten, der an einen Bach grenzt, frei nutzen. Au\u00dferdem bereiten wir Ihnen gerne die ben\u00f6tigten Zutaten zu oder Sie k\u00f6nnen sie im Laden neben dem Hotel kaufen.<\/p>\n<\/div><\/div><footer class=\"entry-footer\"><\/footer><\/article><br \/>\n\n<style type=\"text\/css\" data-created_by=\"avia_inline_auto\" id=\"style-css-av-93noz-c254ef403507277963a558384d6c033d\">\n#top .avia-gallery.av-93noz-c254ef403507277963a558384d6c033d .avia-gallery-thumb a{\nwidth:20%;\n}\n<\/style>\n<div  class='avia-gallery av-93noz-c254ef403507277963a558384d6c033d avia_animate_when_visible  avia-builder-el-8  el_after_av_icon_box  avia-builder-el-last  avia_lazyload av-slideshow-ui av-loop-manual-endless av-control-hidden av-navigate-arrows hover-effect av-control-hidden avia-gallery-animate avia-gallery-1'  itemprop=\"image\" itemscope=\"itemscope\" itemtype=\"https:\/\/schema.org\/ImageObject\" ><meta itemprop=\"contentURL\" content=\"https:\/\/www.crystalvista.ch\/de\/grillhaus\/\"><a class='avia-gallery-big fakeLightbox lightbox avia-gallery-big-crop-thumb ' href=\"https:\/\/www.crystalvista.ch\/wp\/wp-content\/uploads\/2024\/01\/1.jpg\" data-srcset=\"https:\/\/www.crystalvista.ch\/wp\/wp-content\/uploads\/2024\/01\/1.jpg 800w, https:\/\/www.crystalvista.ch\/wp\/wp-content\/uploads\/2024\/01\/1-300x225.jpg 300w, https:\/\/www.crystalvista.ch\/wp\/wp-content\/uploads\/2024\/01\/1-768x576.jpg 768w, https:\/\/www.crystalvista.ch\/wp\/wp-content\/uploads\/2024\/01\/1-705x529.jpg 705w\" data-sizes=\"(max-width: 800px) 100vw, 800px\"  data-onclick='1' title='1' ><span class='avia-gallery-big-inner'  itemprop=\"thumbnailUrl\" ><img decoding=\"async\" fetchpriority=\"high\" class=\"wp-image-610 avia-img-lazy-loading-not-610\"  width=\"800\" height=\"600\" src=\"https:\/\/www.crystalvista.ch\/wp\/wp-content\/uploads\/2024\/01\/1.jpg\" title='1' alt='' srcset=\"https:\/\/www.crystalvista.ch\/wp\/wp-content\/uploads\/2024\/01\/1.jpg 800w, https:\/\/www.crystalvista.ch\/wp\/wp-content\/uploads\/2024\/01\/1-300x225.jpg 300w, https:\/\/www.crystalvista.ch\/wp\/wp-content\/uploads\/2024\/01\/1-768x576.jpg 768w, https:\/\/www.crystalvista.ch\/wp\/wp-content\/uploads\/2024\/01\/1-705x529.jpg 705w\" sizes=\"(max-width: 800px) 100vw, 800px\" \/><\/span><\/a><div class='avia-gallery-thumb'><a href=\"https:\/\/www.crystalvista.ch\/wp\/wp-content\/uploads\/2024\/01\/1.jpg\" data-srcset=\"https:\/\/www.crystalvista.ch\/wp\/wp-content\/uploads\/2024\/01\/1.jpg 800w, https:\/\/www.crystalvista.ch\/wp\/wp-content\/uploads\/2024\/01\/1-300x225.jpg 300w, https:\/\/www.crystalvista.ch\/wp\/wp-content\/uploads\/2024\/01\/1-768x576.jpg 768w, https:\/\/www.crystalvista.ch\/wp\/wp-content\/uploads\/2024\/01\/1-705x529.jpg 705w\" data-sizes=\"(max-width: 800px) 100vw, 800px\" data-rel='gallery-1' data-prev-img='https:\/\/www.crystalvista.ch\/wp\/wp-content\/uploads\/2024\/01\/1.jpg' class='first_thumb lightbox ' data-onclick='1' title='1'  itemprop=\"thumbnailUrl\"  ><img decoding=\"async\" fetchpriority=\"high\" class=\"wp-image-610 avia-img-lazy-loading-not-610\"   src=\"https:\/\/www.crystalvista.ch\/wp\/wp-content\/uploads\/2024\/01\/1-495x400.jpg\" width=\"495\" height=\"400\"  title='1' alt='' \/><div class='big-prev-fake'><img decoding=\"async\" loading=\"lazy\" class=\"wp-image-610 avia-img-lazy-loading-610\"  width=\"800\" height=\"600\" src=\"https:\/\/www.crystalvista.ch\/wp\/wp-content\/uploads\/2024\/01\/1.jpg\" title='1' alt='' srcset=\"https:\/\/www.crystalvista.ch\/wp\/wp-content\/uploads\/2024\/01\/1.jpg 800w, https:\/\/www.crystalvista.ch\/wp\/wp-content\/uploads\/2024\/01\/1-300x225.jpg 300w, https:\/\/www.crystalvista.ch\/wp\/wp-content\/uploads\/2024\/01\/1-768x576.jpg 768w, https:\/\/www.crystalvista.ch\/wp\/wp-content\/uploads\/2024\/01\/1-705x529.jpg 705w\" sizes=\"auto, (max-width: 800px) 100vw, 800px\" \/><\/div><\/a><a href=\"https:\/\/www.crystalvista.ch\/wp\/wp-content\/uploads\/2024\/01\/5.jpg\" data-srcset=\"https:\/\/www.crystalvista.ch\/wp\/wp-content\/uploads\/2024\/01\/5.jpg 800w, https:\/\/www.crystalvista.ch\/wp\/wp-content\/uploads\/2024\/01\/5-300x225.jpg 300w, https:\/\/www.crystalvista.ch\/wp\/wp-content\/uploads\/2024\/01\/5-768x576.jpg 768w, https:\/\/www.crystalvista.ch\/wp\/wp-content\/uploads\/2024\/01\/5-705x529.jpg 705w\" data-sizes=\"(max-width: 800px) 100vw, 800px\" data-rel='gallery-1' data-prev-img='https:\/\/www.crystalvista.ch\/wp\/wp-content\/uploads\/2024\/01\/5.jpg' class='lightbox ' data-onclick='2' title='5'  itemprop=\"thumbnailUrl\"  ><img decoding=\"async\" fetchpriority=\"high\" class=\"wp-image-606 avia-img-lazy-loading-not-606\"   src=\"https:\/\/www.crystalvista.ch\/wp\/wp-content\/uploads\/2024\/01\/5-495x400.jpg\" width=\"495\" height=\"400\"  title='5' alt='' \/><div class='big-prev-fake'><img decoding=\"async\" loading=\"lazy\" class=\"wp-image-606 avia-img-lazy-loading-606\"  width=\"800\" height=\"600\" src=\"https:\/\/www.crystalvista.ch\/wp\/wp-content\/uploads\/2024\/01\/5.jpg\" title='5' alt='' srcset=\"https:\/\/www.crystalvista.ch\/wp\/wp-content\/uploads\/2024\/01\/5.jpg 800w, https:\/\/www.crystalvista.ch\/wp\/wp-content\/uploads\/2024\/01\/5-300x225.jpg 300w, https:\/\/www.crystalvista.ch\/wp\/wp-content\/uploads\/2024\/01\/5-768x576.jpg 768w, https:\/\/www.crystalvista.ch\/wp\/wp-content\/uploads\/2024\/01\/5-705x529.jpg 705w\" sizes=\"auto, (max-width: 800px) 100vw, 800px\" \/><\/div><\/a><a href=\"https:\/\/www.crystalvista.ch\/wp\/wp-content\/uploads\/2024\/01\/4.jpg\" data-srcset=\"https:\/\/www.crystalvista.ch\/wp\/wp-content\/uploads\/2024\/01\/4.jpg 800w, https:\/\/www.crystalvista.ch\/wp\/wp-content\/uploads\/2024\/01\/4-300x225.jpg 300w, https:\/\/www.crystalvista.ch\/wp\/wp-content\/uploads\/2024\/01\/4-768x576.jpg 768w, https:\/\/www.crystalvista.ch\/wp\/wp-content\/uploads\/2024\/01\/4-705x529.jpg 705w\" data-sizes=\"(max-width: 800px) 100vw, 800px\" data-rel='gallery-1' data-prev-img='https:\/\/www.crystalvista.ch\/wp\/wp-content\/uploads\/2024\/01\/4.jpg' class='lightbox ' data-onclick='3' title='4'  itemprop=\"thumbnailUrl\"  ><img decoding=\"async\" fetchpriority=\"high\" class=\"wp-image-602 avia-img-lazy-loading-not-602\"   src=\"https:\/\/www.crystalvista.ch\/wp\/wp-content\/uploads\/2024\/01\/4-495x400.jpg\" width=\"495\" height=\"400\"  title='4' alt='' \/><div class='big-prev-fake'><img decoding=\"async\" loading=\"lazy\" class=\"wp-image-602 avia-img-lazy-loading-602\"  width=\"800\" height=\"600\" src=\"https:\/\/www.crystalvista.ch\/wp\/wp-content\/uploads\/2024\/01\/4.jpg\" title='4' alt='' srcset=\"https:\/\/www.crystalvista.ch\/wp\/wp-content\/uploads\/2024\/01\/4.jpg 800w, https:\/\/www.crystalvista.ch\/wp\/wp-content\/uploads\/2024\/01\/4-300x225.jpg 300w, https:\/\/www.crystalvista.ch\/wp\/wp-content\/uploads\/2024\/01\/4-768x576.jpg 768w, https:\/\/www.crystalvista.ch\/wp\/wp-content\/uploads\/2024\/01\/4-705x529.jpg 705w\" sizes=\"auto, (max-width: 800px) 100vw, 800px\" \/><\/div><\/a><a href=\"https:\/\/www.crystalvista.ch\/wp\/wp-content\/uploads\/2024\/01\/3.jpg\" data-srcset=\"https:\/\/www.crystalvista.ch\/wp\/wp-content\/uploads\/2024\/01\/3.jpg 800w, https:\/\/www.crystalvista.ch\/wp\/wp-content\/uploads\/2024\/01\/3-300x225.jpg 300w, https:\/\/www.crystalvista.ch\/wp\/wp-content\/uploads\/2024\/01\/3-768x576.jpg 768w, https:\/\/www.crystalvista.ch\/wp\/wp-content\/uploads\/2024\/01\/3-705x529.jpg 705w\" data-sizes=\"(max-width: 800px) 100vw, 800px\" data-rel='gallery-1' data-prev-img='https:\/\/www.crystalvista.ch\/wp\/wp-content\/uploads\/2024\/01\/3.jpg' class='lightbox ' data-onclick='4' title='3'  itemprop=\"thumbnailUrl\"  ><img decoding=\"async\" fetchpriority=\"high\" class=\"wp-image-598 avia-img-lazy-loading-not-598\"   src=\"https:\/\/www.crystalvista.ch\/wp\/wp-content\/uploads\/2024\/01\/3-495x400.jpg\" width=\"495\" height=\"400\"  title='3' alt='' \/><div class='big-prev-fake'><img decoding=\"async\" loading=\"lazy\" class=\"wp-image-598 avia-img-lazy-loading-598\"  width=\"800\" height=\"600\" src=\"https:\/\/www.crystalvista.ch\/wp\/wp-content\/uploads\/2024\/01\/3.jpg\" title='3' alt='' srcset=\"https:\/\/www.crystalvista.ch\/wp\/wp-content\/uploads\/2024\/01\/3.jpg 800w, https:\/\/www.crystalvista.ch\/wp\/wp-content\/uploads\/2024\/01\/3-300x225.jpg 300w, https:\/\/www.crystalvista.ch\/wp\/wp-content\/uploads\/2024\/01\/3-768x576.jpg 768w, https:\/\/www.crystalvista.ch\/wp\/wp-content\/uploads\/2024\/01\/3-705x529.jpg 705w\" sizes=\"auto, (max-width: 800px) 100vw, 800px\" \/><\/div><\/a><a href=\"https:\/\/www.crystalvista.ch\/wp\/wp-content\/uploads\/2024\/01\/2.jpg\" data-srcset=\"https:\/\/www.crystalvista.ch\/wp\/wp-content\/uploads\/2024\/01\/2.jpg 800w, https:\/\/www.crystalvista.ch\/wp\/wp-content\/uploads\/2024\/01\/2-300x225.jpg 300w, https:\/\/www.crystalvista.ch\/wp\/wp-content\/uploads\/2024\/01\/2-768x576.jpg 768w, https:\/\/www.crystalvista.ch\/wp\/wp-content\/uploads\/2024\/01\/2-705x529.jpg 705w\" data-sizes=\"(max-width: 800px) 100vw, 800px\" data-rel='gallery-1' data-prev-img='https:\/\/www.crystalvista.ch\/wp\/wp-content\/uploads\/2024\/01\/2.jpg' class='lightbox ' data-onclick='5' title='2'  itemprop=\"thumbnailUrl\"  ><img decoding=\"async\" fetchpriority=\"high\" class=\"wp-image-594 avia-img-lazy-loading-not-594\"   src=\"https:\/\/www.crystalvista.ch\/wp\/wp-content\/uploads\/2024\/01\/2-495x400.jpg\" width=\"495\" height=\"400\"  title='2' alt='' \/><div class='big-prev-fake'><img decoding=\"async\" loading=\"lazy\" class=\"wp-image-594 avia-img-lazy-loading-594\"  width=\"800\" height=\"600\" src=\"https:\/\/www.crystalvista.ch\/wp\/wp-content\/uploads\/2024\/01\/2.jpg\" title='2' alt='' srcset=\"https:\/\/www.crystalvista.ch\/wp\/wp-content\/uploads\/2024\/01\/2.jpg 800w, https:\/\/www.crystalvista.ch\/wp\/wp-content\/uploads\/2024\/01\/2-300x225.jpg 300w, https:\/\/www.crystalvista.ch\/wp\/wp-content\/uploads\/2024\/01\/2-768x576.jpg 768w, https:\/\/www.crystalvista.ch\/wp\/wp-content\/uploads\/2024\/01\/2-705x529.jpg 705w\" sizes=\"auto, (max-width: 800px) 100vw, 800px\" \/><\/div><\/a><a href=\"https:\/\/www.crystalvista.ch\/wp\/wp-content\/uploads\/2024\/01\/1a.jpg\" data-srcset=\"https:\/\/www.crystalvista.ch\/wp\/wp-content\/uploads\/2024\/01\/1a.jpg 800w, https:\/\/www.crystalvista.ch\/wp\/wp-content\/uploads\/2024\/01\/1a-300x225.jpg 300w, https:\/\/www.crystalvista.ch\/wp\/wp-content\/uploads\/2024\/01\/1a-768x576.jpg 768w, https:\/\/www.crystalvista.ch\/wp\/wp-content\/uploads\/2024\/01\/1a-705x529.jpg 705w\" data-sizes=\"(max-width: 800px) 100vw, 800px\" data-rel='gallery-1' data-prev-img='https:\/\/www.crystalvista.ch\/wp\/wp-content\/uploads\/2024\/01\/1a.jpg' class='first_thumb lightbox ' data-onclick='6' title='1a'  itemprop=\"thumbnailUrl\"  ><img decoding=\"async\" fetchpriority=\"high\" class=\"wp-image-590 avia-img-lazy-loading-not-590\"   src=\"https:\/\/www.crystalvista.ch\/wp\/wp-content\/uploads\/2024\/01\/1a-495x400.jpg\" width=\"495\" height=\"400\"  title='1a' alt='' \/><div class='big-prev-fake'><img decoding=\"async\" loading=\"lazy\" class=\"wp-image-590 avia-img-lazy-loading-590\"  width=\"800\" height=\"600\" src=\"https:\/\/www.crystalvista.ch\/wp\/wp-content\/uploads\/2024\/01\/1a.jpg\" title='1a' alt='' srcset=\"https:\/\/www.crystalvista.ch\/wp\/wp-content\/uploads\/2024\/01\/1a.jpg 800w, https:\/\/www.crystalvista.ch\/wp\/wp-content\/uploads\/2024\/01\/1a-300x225.jpg 300w, https:\/\/www.crystalvista.ch\/wp\/wp-content\/uploads\/2024\/01\/1a-768x576.jpg 768w, https:\/\/www.crystalvista.ch\/wp\/wp-content\/uploads\/2024\/01\/1a-705x529.jpg 705w\" sizes=\"auto, (max-width: 800px) 100vw, 800px\" \/><\/div><\/a><\/div><\/div><\/p><\/div>\n<style type=\"text\/css\" data-created_by=\"avia_inline_auto\" id=\"style-css-av-6tjob-55a73e93b4861d4e663abf2254cc8402\">\n.flex_column.av-6tjob-55a73e93b4861d4e663abf2254cc8402{\nborder-width:2px;\nborder-color:#73a6b7;\nborder-style:solid;\npadding:10px 10px 10px 10px;\n}\n<\/style>\n<div  class='flex_column av-6tjob-55a73e93b4861d4e663abf2254cc8402 av_two_fifth  avia-builder-el-9  el_after_av_three_fifth  avia-builder-el-last  flex_column_div  '     ><p>\n<style type=\"text\/css\" data-created_by=\"avia_inline_auto\" id=\"style-css-av-lrkt2tp4-ae7333aedec08e635757ab7091ad0fb6\">\n#top .av-special-heading.av-lrkt2tp4-ae7333aedec08e635757ab7091ad0fb6{\npadding-bottom:10px;\n}\nbody .av-special-heading.av-lrkt2tp4-ae7333aedec08e635757ab7091ad0fb6 .av-special-heading-tag .heading-char{\nfont-size:25px;\n}\n.av-special-heading.av-lrkt2tp4-ae7333aedec08e635757ab7091ad0fb6 .av-subheading{\nfont-size:15px;\n}\n<\/style>\n<div  class='av-special-heading av-lrkt2tp4-ae7333aedec08e635757ab7091ad0fb6 av-special-heading-h2  avia-builder-el-10  el_before_av_codeblock  avia-builder-el-first '><h2 class='av-special-heading-tag'  itemprop=\"headline\"  >Reservierungen<\/h2><div class=\"special-heading-border\"><div class=\"special-heading-inner-border\"><\/div><\/div><\/div><br \/>\n<\/p><\/div><\/div><\/div><\/div><!-- close content main div --><\/div><\/div>\n<style type=\"text\/css\" data-created_by=\"avia_inline_auto\" id=\"style-css-av-8f14b-da679880c47f8f4a153db7896864b633\">\n.avia-section.av-8f14b-da679880c47f8f4a153db7896864b633{\nposition:relative;\n}\n.avia-section.av-8f14b-da679880c47f8f4a153db7896864b633 .avia-divider-svg-bottom svg{\nheight:100px;\nwidth:calc(100% + 1.3px);\nfill:#73a6b7;\n}\n<\/style>\n<div id='av_section_3'  class='avia-section av-8f14b-da679880c47f8f4a153db7896864b633 main_color avia-section-no-padding avia-no-border-styling  avia-builder-el-12  el_after_av_section  avia-builder-el-last  avia-bg-style-scroll container_wrap fullsize'  ><div class='avia-divider-svg avia-divider-svg-wave-vista avia-divider-svg-bottom avia-svg-original'><?xml version=\"1.0\" encoding=\"UTF-8\"?><svg id=\"a\" xmlns=\"http:\/\/www.w3.org\/2000\/svg\" viewBox=\"0 0 1920 200\" preserveAspectRatio=\"none\"><path id=\"b\" d=\"M1076.688,104.593C190.462,328.985,2,87.522,0,84.957c192.462,134.102,467.308,102.525,1085.786-31.577,618.478-134.102,833.836,39.372,833.836,39.372,0,0-219.957-145.845-842.934,11.841Z\" style=\"isolation:isolate; opacity:.5; stroke-width:0px;\"\/><path d=\"M1920,0v92.61s-215.36-173.47-833.84-39.47C467.69,187.24,192.84,218.72.38,84.72V0h1919.62Z\" style=\"stroke-width:0px;\"\/><\/svg><\/div><div class='container av-section-cont-open' ><div class='template-page content  av-content-full alpha units'><div class='post-entry post-entry-type-page post-entry-849'><div class='entry-content-wrapper clearfix'><\/p>\n","protected":false},"excerpt":{"rendered":"","protected":false},"author":1,"featured_media":0,"parent":0,"menu_order":0,"comment_status":"closed","ping_status":"closed","template":"","meta":{"footnotes":""},"class_list":["post-849","page","type-page","status-publish","hentry"],"yoast_head":"<!-- This site is optimized with the Yoast SEO plugin v22.6 - https:\/\/yoast.com\/wordpress\/plugins\/seo\/ -->\n<title>Grillhaus - Crystal Vista Hotel<\/title>\n<meta name=\"description\" content=\"Unser Grill Kota-Haus f\u00fcr den Winter und unsere Grillecke am Bach f\u00fcr den Sommer laden Sie zum freien Grillen ein.\" \/>\n<meta name=\"robots\" content=\"index, follow, max-snippet:-1, max-image-preview:large, max-video-preview:-1\" \/>\n<link rel=\"canonical\" href=\"https:\/\/www.crystalvista.ch\/de\/grillhaus\/\" \/>\n<meta property=\"og:locale\" content=\"de_DE\" \/>\n<meta property=\"og:type\" content=\"article\" \/>\n<meta property=\"og:title\" content=\"Grillhaus - Crystal Vista Hotel\" \/>\n<meta property=\"og:description\" content=\"Unser Grill Kota-Haus f\u00fcr den Winter und unsere Grillecke am Bach f\u00fcr den Sommer laden Sie zum freien Grillen ein.\" \/>\n<meta property=\"og:url\" content=\"https:\/\/www.crystalvista.ch\/de\/grillhaus\/\" \/>\n<meta property=\"og:site_name\" content=\"Crystal Vista Hotel\" \/>\n<meta property=\"article:modified_time\" content=\"2024-04-30T12:46:29+00:00\" \/>\n<meta name=\"twitter:card\" content=\"summary_large_image\" \/>\n<meta name=\"twitter:label1\" content=\"Est. reading time\" \/>\n\t<meta name=\"twitter:data1\" content=\"16 minutes\" \/>\n<script type=\"application\/ld+json\" class=\"yoast-schema-graph\">{\"@context\":\"https:\/\/schema.org\",\"@graph\":[{\"@type\":\"WebPage\",\"@id\":\"https:\/\/www.crystalvista.ch\/de\/grillhaus\/\",\"url\":\"https:\/\/www.crystalvista.ch\/de\/grillhaus\/\",\"name\":\"Grillhaus - Crystal Vista Hotel\",\"isPartOf\":{\"@id\":\"https:\/\/www.crystalvista.ch\/de\/#website\"},\"datePublished\":\"2024-01-19T15:11:25+00:00\",\"dateModified\":\"2024-04-30T12:46:29+00:00\",\"description\":\"Unser Grill Kota-Haus f\u00fcr den Winter und unsere Grillecke am Bach f\u00fcr den Sommer laden Sie zum freien Grillen ein.\",\"breadcrumb\":{\"@id\":\"https:\/\/www.crystalvista.ch\/de\/grillhaus\/#breadcrumb\"},\"inLanguage\":\"de-DE\",\"potentialAction\":[{\"@type\":\"ReadAction\",\"target\":[\"https:\/\/www.crystalvista.ch\/de\/grillhaus\/\"]}]},{\"@type\":\"BreadcrumbList\",\"@id\":\"https:\/\/www.crystalvista.ch\/de\/grillhaus\/#breadcrumb\",\"itemListElement\":[{\"@type\":\"ListItem\",\"position\":1,\"name\":\"Accueil\",\"item\":\"https:\/\/www.crystalvista.ch\/de\/startseite\/\"},{\"@type\":\"ListItem\",\"position\":2,\"name\":\"Grillhaus\"}]},{\"@type\":\"WebSite\",\"@id\":\"https:\/\/www.crystalvista.ch\/de\/#website\",\"url\":\"https:\/\/www.crystalvista.ch\/de\/\",\"name\":\"Crystal Vista Hotel\",\"description\":\"\",\"potentialAction\":[{\"@type\":\"SearchAction\",\"target\":{\"@type\":\"EntryPoint\",\"urlTemplate\":\"https:\/\/www.crystalvista.ch\/de\/?s={search_term_string}\"},\"query-input\":\"required name=search_term_string\"}],\"inLanguage\":\"de-DE\"}]}<\/script>\n<!-- \/ Yoast SEO plugin. -->","yoast_head_json":{"title":"Grillhaus - Crystal Vista Hotel","description":"Unser Grill Kota-Haus f\u00fcr den Winter und unsere Grillecke am Bach f\u00fcr den Sommer laden Sie zum freien Grillen ein.","robots":{"index":"index","follow":"follow","max-snippet":"max-snippet:-1","max-image-preview":"max-image-preview:large","max-video-preview":"max-video-preview:-1"},"canonical":"https:\/\/www.crystalvista.ch\/de\/grillhaus\/","og_locale":"de_DE","og_type":"article","og_title":"Grillhaus - Crystal Vista Hotel","og_description":"Unser Grill Kota-Haus f\u00fcr den Winter und unsere Grillecke am Bach f\u00fcr den Sommer laden Sie zum freien Grillen ein.","og_url":"https:\/\/www.crystalvista.ch\/de\/grillhaus\/","og_site_name":"Crystal Vista Hotel","article_modified_time":"2024-04-30T12:46:29+00:00","twitter_card":"summary_large_image","twitter_misc":{"Est. reading time":"16 minutes"},"schema":{"@context":"https:\/\/schema.org","@graph":[{"@type":"WebPage","@id":"https:\/\/www.crystalvista.ch\/de\/grillhaus\/","url":"https:\/\/www.crystalvista.ch\/de\/grillhaus\/","name":"Grillhaus - Crystal Vista Hotel","isPartOf":{"@id":"https:\/\/www.crystalvista.ch\/de\/#website"},"datePublished":"2024-01-19T15:11:25+00:00","dateModified":"2024-04-30T12:46:29+00:00","description":"Unser Grill Kota-Haus f\u00fcr den Winter und unsere Grillecke am Bach f\u00fcr den Sommer laden Sie zum freien Grillen ein.","breadcrumb":{"@id":"https:\/\/www.crystalvista.ch\/de\/grillhaus\/#breadcrumb"},"inLanguage":"de-DE","potentialAction":[{"@type":"ReadAction","target":["https:\/\/www.crystalvista.ch\/de\/grillhaus\/"]}]},{"@type":"BreadcrumbList","@id":"https:\/\/www.crystalvista.ch\/de\/grillhaus\/#breadcrumb","itemListElement":[{"@type":"ListItem","position":1,"name":"Accueil","item":"https:\/\/www.crystalvista.ch\/de\/startseite\/"},{"@type":"ListItem","position":2,"name":"Grillhaus"}]},{"@type":"WebSite","@id":"https:\/\/www.crystalvista.ch\/de\/#website","url":"https:\/\/www.crystalvista.ch\/de\/","name":"Crystal Vista Hotel","description":"","potentialAction":[{"@type":"SearchAction","target":{"@type":"EntryPoint","urlTemplate":"https:\/\/www.crystalvista.ch\/de\/?s={search_term_string}"},"query-input":"required name=search_term_string"}],"inLanguage":"de-DE"}]}},"_links":{"self":[{"href":"https:\/\/www.crystalvista.ch\/de\/wp-json\/wp\/v2\/pages\/849","targetHints":{"allow":["GET"]}}],"collection":[{"href":"https:\/\/www.crystalvista.ch\/de\/wp-json\/wp\/v2\/pages"}],"about":[{"href":"https:\/\/www.crystalvista.ch\/de\/wp-json\/wp\/v2\/types\/page"}],"author":[{"embeddable":true,"href":"https:\/\/www.crystalvista.ch\/de\/wp-json\/wp\/v2\/users\/1"}],"replies":[{"embeddable":true,"href":"https:\/\/www.crystalvista.ch\/de\/wp-json\/wp\/v2\/comments?post=849"}],"version-history":[{"count":2,"href":"https:\/\/www.crystalvista.ch\/de\/wp-json\/wp\/v2\/pages\/849\/revisions"}],"predecessor-version":[{"id":855,"href":"https:\/\/www.crystalvista.ch\/de\/wp-json\/wp\/v2\/pages\/849\/revisions\/855"}],"wp:attachment":[{"href":"https:\/\/www.crystalvista.ch\/de\/wp-json\/wp\/v2\/media?parent=849"}],"curies":[{"name":"wp","href":"https:\/\/api.w.org\/{rel}","templated":true}]}}